{"id":6985,"date":"2021-09-02T06:27:20","date_gmt":"2021-09-02T13:27:20","guid":{"rendered":"https:\/\/energydemocracy.us\/gira-de-eventos\/"},"modified":"2023-06-23T21:57:55","modified_gmt":"2023-06-24T04:57:55","slug":"gira-de-eventos","status":"publish","type":"page","link":"https:\/\/energydemocracy.us\/es\/gira-de-eventos\/","title":{"rendered":"Gira de eventos"},"content":{"rendered":"<style>.kb-row-layout-id_3abdfd-dc > .kt-row-column-wrap{align-content:start;}:where(.kb-row-layout-id_3abdfd-dc > .kt-row-column-wrap) > .wp-block-kadence-column{justify-content:start;}.kb-row-layout-id_3abdfd-dc > .kt-row-column-wrap{column-gap:var(--global-kb-gap-none, 0rem );row-gap:var(--global-kb-gap-md, 2rem);max-width:1260px;margin-left:auto;margin-right:auto;padding-top:80px;padding-right:30px;padding-bottom:80px;padding-left:30px;grid-template-columns:minmax(0, 1fr);}.kb-row-layout-id_3abdfd-dc > .kt-row-layout-overlay{opacity:0.30;}@media all and (max-width: 1024px){.kb-row-layout-id_3abdfd-dc > .kt-row-column-wrap{padding-top:60px;padding-right:30px;padding-bottom:60px;padding-left:30px;grid-template-columns:minmax(0, 1fr);}}@media all and (max-width: 767px){.kb-row-layout-id_3abdfd-dc > .kt-row-column-wrap{padding-top:50px;padding-right:20px;padding-bottom:50px;padding-left:20px;grid-template-columns:minmax(0, 1fr);}}<\/style><div class=\"kb-row-layout-wrap kb-row-layout-id_3abdfd-dc alignfull tour-events wp-block-kadence-rowlayout\"><div class=\"kt-row-column-wrap kt-has-1-columns kt-row-layout-equal kt-tab-layout-inherit kt-mobile-layout-row kt-row-valign-top\">\n<style>.kadence-column_d6aad0-49 > .kt-inside-inner-col,.kadence-column_d6aad0-49 > .kt-inside-inner-col:before{border-top-left-radius:0px;border-top-right-radius:0px;border-bottom-right-radius:0px;border-bottom-left-radius:0px;}.kadence-column_d6aad0-49 > .kt-inside-inner-col{column-gap:var(--global-kb-gap-sm, 1rem);}.kadence-column_d6aad0-49 > .kt-inside-inner-col{flex-direction:column;}.kadence-column_d6aad0-49 > .kt-inside-inner-col > .aligncenter{width:100%;}.kadence-column_d6aad0-49 > .kt-inside-inner-col:before{opacity:0.3;}.kadence-column_d6aad0-49{position:relative;}@media all and (max-width: 1024px){.kadence-column_d6aad0-49 > .kt-inside-inner-col{flex-direction:column;justify-content:center;}}@media all and (max-width: 767px){.kadence-column_d6aad0-49 > .kt-inside-inner-col{flex-direction:column;justify-content:center;}}<\/style>\n<div class=\"wp-block-kadence-column kadence-column_d6aad0-49 inner-column-1\"><div class=\"kt-inside-inner-col\"><p>[MEC id=\u00bb978&#8243;]<\/p>\n\n\n<style>.wp-block-kadence-column.kb-section-dir-horizontal > .kt-inside-inner-col > .kt-info-box_0510f5-8d .kt-blocks-info-box-link-wrap{max-width:unset;}.kt-info-box_0510f5-8d .kt-blocks-info-box-link-wrap{border-top-left-radius:0px;border-top-right-radius:0px;border-bottom-right-radius:0px;border-bottom-left-radius:0px;background:rgba(242, 242, 242, 0);padding-top:0px;padding-right:0px;padding-bottom:0px;padding-left:0px;}.kt-info-box_0510f5-8d .kt-blocks-info-box-link-wrap:hover{background:rgba(242, 242, 242, 0);}.kt-info-box_0510f5-8d .kadence-info-box-icon-container .kt-info-svg-icon, .kt-info-box_0510f5-8d .kt-info-svg-icon-flip, .kt-info-box_0510f5-8d .kt-blocks-info-box-number{font-size:50px;}.kt-info-box_0510f5-8d .kt-blocks-info-box-media{color:#444444;background:transparent;border-color:#444444;border-top-width:0px;border-right-width:0px;border-bottom-width:0px;border-left-width:0px;padding-top:0px;padding-right:0px;padding-bottom:0px;padding-left:0px;}.kt-info-box_0510f5-8d .kt-blocks-info-box-media-container{margin-top:0px;margin-right:0px;margin-bottom:0px;margin-left:0px;}.kt-info-box_0510f5-8d .kt-blocks-info-box-link-wrap:hover .kt-blocks-info-box-media{color:#444444;background:transparent;border-color:#444444;}.kt-info-box_0510f5-8d .kt-infobox-textcontent h2.kt-blocks-info-box-title{color:#25336d;font-size:42px;line-height:1.2em;letter-spacing:0.2px;font-family:Roboto;font-style:normal;font-weight:700;padding-top:0px;padding-right:0px;padding-bottom:0px;padding-left:0px;margin-top:-5px;margin-right:0px;margin-bottom:15px;margin-left:0px;}.kt-info-box_0510f5-8d .kt-blocks-info-box-link-wrap:hover h2.kt-blocks-info-box-title{color:#25336d;}.kt-info-box_0510f5-8d .kt-infobox-textcontent .kt-blocks-info-box-text{color:#25336d;}.wp-block-kadence-infobox.kt-info-box_0510f5-8d .kt-blocks-info-box-text{font-size:24px;line-height:1.4em;letter-spacing:0.2px;font-family:Roboto;font-style:normal;font-weight:500;padding-top:0px;padding-right:0px;padding-bottom:0px;padding-left:0px;margin-top:0px;margin-right:0px;margin-bottom:0px;margin-left:0px;}.kt-info-box_0510f5-8d .kt-blocks-info-box-link-wrap:hover .kt-blocks-info-box-text{color:#25336d;}.kt-info-box_0510f5-8d .kt-blocks-info-box-text{min-height:3px;}.kt-info-box_0510f5-8d .kt-blocks-info-box-learnmore{background:transparent;border-color:#555555;border-width:0px 0px 0px 0px;padding-top:4px;padding-right:8px;padding-bottom:4px;padding-left:8px;margin-top:10px;margin-right:0px;margin-bottom:10px;margin-left:0px;}.kt-info-box_0510f5-8d .kt-blocks-info-box-link-wrap:hover .kt-blocks-info-box-learnmore,.kt-info-box_0510f5-8d .kt-blocks-info-box-link-wrap .kt-blocks-info-box-learnmore:focus{color:#ffffff;background:#444444;border-color:#444444;}@media all and (max-width: 1024px){.kt-info-box_0510f5-8d .kt-infobox-textcontent h2.kt-blocks-info-box-title{font-size:36px;line-height:1.2em;}}@media all and (max-width: 1024px){.wp-block-kadence-infobox.kt-info-box_0510f5-8d .kt-blocks-info-box-text{font-size:22px;line-height:1.4em;}}@media all and (max-width: 767px){.kt-info-box_0510f5-8d .kt-infobox-textcontent h2.kt-blocks-info-box-title{font-size:30px;line-height:1.2em;}.wp-block-kadence-infobox.kt-info-box_0510f5-8d .kt-blocks-info-box-text{font-size:20px;line-height:1.6em;}}<\/style>\n<div class=\"wp-block-kadence-infobox kt-info-box_0510f5-8d\"><span class=\"kt-blocks-info-box-link-wrap info-box-link kt-blocks-info-box-media-align-top kt-info-halign-left\"><div class=\"kt-infobox-textcontent\"><h2 class=\"kt-blocks-info-box-title\"><br\/>Gira de eventos<\/h2><p class=\"kt-blocks-info-box-text\">La democracia energ\u00e9tica en acci\u00f3n<\/p><\/div><\/span><\/div>\n\n\n<style>.wp-block-kadence-column.kb-section-dir-horizontal > .kt-inside-inner-col > .kt-info-box_facc5e-57 .kt-blocks-info-box-link-wrap{max-width:unset;}.kt-info-box_facc5e-57 .kt-blocks-info-box-link-wrap{border-top-left-radius:0px;border-top-right-radius:0px;border-bottom-right-radius:0px;border-bottom-left-radius:0px;background:rgba(242, 242, 242, 0);padding-top:0px;padding-right:0px;padding-bottom:0px;padding-left:0px;margin-top:0px;margin-right:0px;margin-bottom:0px;margin-left:0px;}.kt-info-box_facc5e-57 .kt-blocks-info-box-link-wrap:hover{background:rgba(242, 242, 242, 0);}.kt-info-box_facc5e-57.wp-block-kadence-infobox{max-width:100%;}.kt-info-box_facc5e-57 .kadence-info-box-image-inner-intrisic-container{max-width:140px;}.kt-info-box_facc5e-57 .kadence-info-box-image-inner-intrisic-container .kadence-info-box-image-intrisic{padding-bottom:2.1429%;width:140px;height:0px;max-width:100%;}.kt-info-box_facc5e-57 .kadence-info-box-icon-container .kt-info-svg-icon, .kt-info-box_facc5e-57 .kt-info-svg-icon-flip, .kt-info-box_facc5e-57 .kt-blocks-info-box-number{font-size:50px;}.kt-info-box_facc5e-57 .kt-blocks-info-box-media{color:#444444;border-top-width:0px;border-right-width:0px;border-bottom-width:0px;border-left-width:0px;padding-top:0px;padding-right:0px;padding-bottom:0px;padding-left:0px;}.kt-info-box_facc5e-57 .kt-blocks-info-box-media-container{margin-top:-5px;margin-right:0px;margin-bottom:10px;margin-left:0px;}.kt-info-box_facc5e-57 .kt-blocks-info-box-link-wrap:hover .kt-blocks-info-box-media{color:#444444;}.kt-info-box_facc5e-57 .kt-infobox-textcontent h2.kt-blocks-info-box-title{padding-top:0px;padding-right:0px;padding-bottom:0px;padding-left:0px;margin-top:5px;margin-right:0px;margin-bottom:10px;margin-left:0px;}.kt-info-box_facc5e-57 .kt-infobox-textcontent .kt-blocks-info-box-text{color:#333333;}.wp-block-kadence-infobox.kt-info-box_facc5e-57 .kt-blocks-info-box-text{font-size:18px;line-height:1.6em;letter-spacing:0.2px;font-family:Roboto;font-style:normal;font-weight:400;padding-top:0px;padding-right:0px;padding-bottom:0px;padding-left:0px;margin-top:0px;margin-right:0px;margin-bottom:30px;margin-left:0px;}.kt-info-box_facc5e-57 .kt-blocks-info-box-link-wrap:hover .kt-blocks-info-box-text{color:#333333;}.kt-info-box_facc5e-57 .kt-blocks-info-box-learnmore{background:transparent;border-color:#555555;border-width:0px 0px 0px 0px;padding-top:4px;padding-right:8px;padding-bottom:4px;padding-left:8px;margin-top:10px;margin-right:0px;margin-bottom:10px;margin-left:0px;}.kt-info-box_facc5e-57 .kt-blocks-info-box-link-wrap:hover .kt-blocks-info-box-learnmore,.kt-info-box_facc5e-57 .kt-blocks-info-box-link-wrap .kt-blocks-info-box-learnmore:focus{color:#ffffff;background:#444444;border-color:#444444;}@media all and (max-width: 1024px){.wp-block-kadence-infobox.kt-info-box_facc5e-57 .kt-blocks-info-box-text{font-size:16px;line-height:1.6em;}}@media all and (max-width: 767px){.wp-block-kadence-infobox.kt-info-box_facc5e-57 .kt-blocks-info-box-text{font-size:16px;line-height:1.6em;}}<\/style>\n<div class=\"wp-block-kadence-infobox kt-info-box_facc5e-57\"><span class=\"kt-blocks-info-box-link-wrap info-box-link kt-blocks-info-box-media-align-top kt-info-halign-left\"><div class=\"kt-blocks-info-box-media-container\"><div class=\"kt-blocks-info-box-media kt-info-media-animate-none\"><div class=\"kadence-info-box-image-inner-intrisic-container\"><div class=\"kadence-info-box-image-intrisic kt-info-animate-none\"><div class=\"kadence-info-box-image-inner-intrisic\"><img decoding=\"async\" src=\"https:\/\/energydemocracy.us\/wp-content\/uploads\/2021\/09\/orange.png\" alt=\"\" width=\"140\" height=\"3\" class=\"kt-info-box-image wp-image-142\"\/><\/div><\/div><\/div><\/div><\/div><div class=\"kt-infobox-textcontent\"><p class=\"kt-blocks-info-box-text\">Todos los acontecimientos -pasados o futuros- contienen valiosas lecciones e historias para construir el movimiento hacia adelante. A continuaci\u00f3n se presenta un resumen cronol\u00f3gico del cartel de eventos del Tour, desde abril hasta noviembre de 2018. Para m\u00e1s informaci\u00f3n, haga clic en cada lista.<\/p><\/div><\/span><\/div>\n\n\n<p>[MEC id=\u00bb1599&#8243;]<\/p>\n<\/div><\/div>\n\n<\/div><\/div>","protected":false},"excerpt":{"rendered":"","protected":false},"author":1,"featured_media":0,"parent":0,"menu_order":0,"comment_status":"closed","ping_status":"closed","template":"","meta":{"inline_featured_image":false,"_kad_post_transparent":"","_kad_post_title":"","_kad_post_layout":"","_kad_post_sidebar_id":"","_kad_post_content_style":"","_kad_post_vertical_padding":"","_kad_post_feature":"","_kad_post_feature_position":"","_kad_post_header":false,"_kad_post_footer":false,"footnotes":""},"class_list":["post-6985","page","type-page","status-publish","hentry"],"_links":{"self":[{"href":"https:\/\/energydemocracy.us\/es\/wp-json\/wp\/v2\/pages\/6985","targetHints":{"allow":["GET"]}}],"collection":[{"href":"https:\/\/energydemocracy.us\/es\/wp-json\/wp\/v2\/pages"}],"about":[{"href":"https:\/\/energydemocracy.us\/es\/wp-json\/wp\/v2\/types\/page"}],"author":[{"embeddable":true,"href":"https:\/\/energydemocracy.us\/es\/wp-json\/wp\/v2\/users\/1"}],"replies":[{"embeddable":true,"href":"https:\/\/energydemocracy.us\/es\/wp-json\/wp\/v2\/comments?post=6985"}],"version-history":[{"count":0,"href":"https:\/\/energydemocracy.us\/es\/wp-json\/wp\/v2\/pages\/6985\/revisions"}],"wp:attachment":[{"href":"https:\/\/energydemocracy.us\/es\/wp-json\/wp\/v2\/media?parent=6985"}],"curies":[{"name":"wp","href":"https:\/\/api.w.org\/{rel}","templated":true}]}}