{"id":6964,"date":"2022-12-12T17:59:27","date_gmt":"2022-12-13T01:59:27","guid":{"rendered":"https:\/\/energydemocracy.us\/explicacion-de-la-democracia-energetica\/"},"modified":"2026-04-12T00:21:32","modified_gmt":"2026-04-12T07:21:32","slug":"explicacion-de-la-democracia-energetica","status":"publish","type":"page","link":"https:\/\/energydemocracy.us\/es\/explicacion-de-la-democracia-energetica\/","title":{"rendered":"Explicaci\u00f3n de la democracia energ\u00e9tica"},"content":{"rendered":"<style>.kadence-column6964_53d2ce-32{max-width:860px;margin-left:auto;margin-right:auto;}.wp-block-kadence-column.kb-section-dir-horizontal:not(.kb-section-md-dir-vertical)>.kt-inside-inner-col>.kadence-column6964_53d2ce-32{-webkit-flex:0 1 860px;flex:0 1 860px;max-width:unset;margin-left:unset;margin-right:unset;}.kadence-column6964_53d2ce-32 > .kt-inside-inner-col,.kadence-column6964_53d2ce-32 > .kt-inside-inner-col:before{border-top-left-radius:0px;border-top-right-radius:0px;border-bottom-right-radius:0px;border-bottom-left-radius:0px;}.kadence-column6964_53d2ce-32 > .kt-inside-inner-col{column-gap:var(--global-kb-gap-sm, 1rem);}.kadence-column6964_53d2ce-32 > .kt-inside-inner-col{flex-direction:column;}.kadence-column6964_53d2ce-32 > .kt-inside-inner-col > .aligncenter{width:100%;}.kadence-column6964_53d2ce-32 > .kt-inside-inner-col:before{opacity:0.3;}.kadence-column6964_53d2ce-32{position:relative;}@media all and (min-width: 1025px){.wp-block-kadence-column.kb-section-dir-horizontal>.kt-inside-inner-col>.kadence-column6964_53d2ce-32{-webkit-flex:0 1 860px;flex:0 1 860px;max-width:unset;margin-left:unset;margin-right:unset;}}@media all and (max-width: 1024px){.kadence-column6964_53d2ce-32 > .kt-inside-inner-col{flex-direction:column;justify-content:center;}}@media all and (max-width: 767px){.wp-block-kadence-column.kb-section-sm-dir-vertical:not(.kb-section-sm-dir-horizontal):not(.kb-section-sm-dir-specificity)>.kt-inside-inner-col>.kadence-column6964_53d2ce-32{max-width:860px;-webkit-flex:1;flex:1;margin-left:auto;margin-right:auto;}.kadence-column6964_53d2ce-32 > .kt-inside-inner-col{flex-direction:column;justify-content:center;}}<\/style>\n<div class=\"wp-block-kadence-column kadence-column6964_53d2ce-32 inner-column-1 parallax\" id=\"introOverlay\"><div class=\"kt-inside-inner-col\">\n<h2 class=\"wp-block-heading has-text-align-center has-x-large-font-size\" style=\"padding-top:25vh;padding-right:var(--wp--preset--spacing--50);padding-bottom:0vh;padding-left:var(--wp--preset--spacing--50)\">La crisis de ganancias se anteponen sobre las personas y el planeta<\/h2>\n\n\n\n<div style=\"height:20vh\" aria-hidden=\"true\" class=\"wp-block-spacer\"><\/div>\n\n\n\n<p class=\"has-text-align-center\">Desplazarse hacia abajo<\/p>\n\n\n\n<figure class=\"wp-block-image aligncenter size-thumbnail is-resized\"><img decoding=\"async\" width=\"150\" height=\"150\" src=\"https:\/\/energydemocracy.us\/wp-content\/uploads\/2023\/01\/noun-direction-2135468-e1674198568968-150x150.png\" alt=\"\" class=\"wp-image-6875\" style=\"width:150px\" srcset=\"https:\/\/energydemocracy.us\/wp-content\/uploads\/2023\/01\/noun-direction-2135468-e1674198568968-150x150.png 150w, https:\/\/energydemocracy.us\/wp-content\/uploads\/2023\/01\/noun-direction-2135468-e1674198568968-300x297.png 300w\" sizes=\"(max-width: 150px) 100vw, 150px\" \/><\/figure>\n<\/div><\/div>\n\n\n\n<div style=\"height:20vh\" aria-hidden=\"true\" class=\"wp-block-spacer\"><\/div>\n\n\n<style>.kadence-column6964_9fff29-b5 > .kt-inside-inner-col,.kadence-column6964_9fff29-b5 > .kt-inside-inner-col:before{border-top-left-radius:0px;border-top-right-radius:0px;border-bottom-right-radius:0px;border-bottom-left-radius:0px;}.kadence-column6964_9fff29-b5 > .kt-inside-inner-col{column-gap:var(--global-kb-gap-sm, 1rem);}.kadence-column6964_9fff29-b5 > .kt-inside-inner-col{flex-direction:column;}.kadence-column6964_9fff29-b5 > .kt-inside-inner-col > .aligncenter{width:100%;}.kadence-column6964_9fff29-b5 > .kt-inside-inner-col:before{opacity:0.3;}.kadence-column6964_9fff29-b5{position:relative;}@media all and (max-width: 1024px){.kadence-column6964_9fff29-b5 > .kt-inside-inner-col{flex-direction:column;justify-content:center;}}@media all and (max-width: 767px){.kadence-column6964_9fff29-b5 > .kt-inside-inner-col{flex-direction:column;justify-content:center;}}<\/style>\n<div class=\"wp-block-kadence-column kadence-column6964_9fff29-b5 inner-column-1\" id=\"pyramidSection\"><div class=\"kt-inside-inner-col\"><style>.kb-image6964_29d303-d5.kb-image-is-ratio-size, .kb-image6964_29d303-d5 .kb-image-is-ratio-size{max-width:1000px;width:100%;}.wp-block-kadence-column > .kt-inside-inner-col > .kb-image6964_29d303-d5.kb-image-is-ratio-size, .wp-block-kadence-column > .kt-inside-inner-col > .kb-image6964_29d303-d5 .kb-image-is-ratio-size{align-self:unset;}.kb-image6964_29d303-d5 figure{max-width:1000px;}.kb-image6964_29d303-d5 .image-is-svg, .kb-image6964_29d303-d5 .image-is-svg img{width:100%;}.kb-image6964_29d303-d5 .kb-image-has-overlay:after{opacity:0.3;}<\/style>\n<div class=\"wp-block-kadence-image kb-image6964_29d303-d5 endem-animated-pin\" id=\"pyramid\"><figure class=\"aligncenter image-is-svg\"><img decoding=\"async\" src=\"https:\/\/energydemocracy.us\/wp-content\/uploads\/2023\/06\/Pyramid_es_v4.svg\" alt=\"Ilustraci\u00f3n de la pir\u00e1mide de energ\u00eda sucia\" class=\"kb-img wp-image-7618\" title=\"Ilustraci\u00f3n de la pir\u00e1mide de energ\u00eda sucia\"\/><\/figure><\/div>\n<\/div><\/div>\n\n\n<style>.kadence-column6964_f16c53-9b{max-width:1000px;margin-left:auto;margin-right:auto;}.wp-block-kadence-column.kb-section-dir-horizontal:not(.kb-section-md-dir-vertical)>.kt-inside-inner-col>.kadence-column6964_f16c53-9b{-webkit-flex:0 1 1000px;flex:0 1 1000px;max-width:unset;margin-left:unset;margin-right:unset;}.kadence-column6964_f16c53-9b > .kt-inside-inner-col{padding-right:2rem;padding-left:2rem;}.kadence-column6964_f16c53-9b > .kt-inside-inner-col,.kadence-column6964_f16c53-9b > .kt-inside-inner-col:before{border-top-left-radius:0px;border-top-right-radius:0px;border-bottom-right-radius:0px;border-bottom-left-radius:0px;}.kadence-column6964_f16c53-9b > .kt-inside-inner-col{column-gap:var(--global-kb-gap-sm, 1rem);}.kadence-column6964_f16c53-9b > .kt-inside-inner-col{flex-direction:column;}.kadence-column6964_f16c53-9b > .kt-inside-inner-col > .aligncenter{width:100%;}.kadence-column6964_f16c53-9b > .kt-inside-inner-col:before{opacity:0.3;}.kadence-column6964_f16c53-9b{text-align:center;}.kadence-column6964_f16c53-9b{position:relative;}.kadence-column6964_f16c53-9b, .kt-inside-inner-col > .kadence-column6964_f16c53-9b:not(.specificity){margin-top:var(--global-kb-spacing-md, 2rem);}@media all and (min-width: 1025px){.wp-block-kadence-column.kb-section-dir-horizontal>.kt-inside-inner-col>.kadence-column6964_f16c53-9b{-webkit-flex:0 1 1000px;flex:0 1 1000px;max-width:unset;margin-left:unset;margin-right:unset;}}@media all and (max-width: 1024px){.kadence-column6964_f16c53-9b > .kt-inside-inner-col{flex-direction:column;justify-content:center;}}@media all and (max-width: 767px){.kadence-column6964_f16c53-9b > .kt-inside-inner-col{padding-right:1rem;padding-left:1rem;flex-direction:column;justify-content:center;}.wp-block-kadence-column.kb-section-sm-dir-vertical:not(.kb-section-sm-dir-horizontal):not(.kb-section-sm-dir-specificity)>.kt-inside-inner-col>.kadence-column6964_f16c53-9b{max-width:1000px;-webkit-flex:1;flex:1;margin-left:auto;margin-right:auto;}}.kadence-column6964_f16c53-9b {max-width:clamp(300px, 100vw, 860px);margin-inline: auto;}<\/style>\n<section class=\"wp-block-kadence-column kadence-column6964_f16c53-9b inner-column-1\" id=\"textSection1\"><div class=\"kt-inside-inner-col\">\n<p class=\"has-text-align-left\" style=\"font-size:18px;line-height:1.6\">Los sistemas energ\u00e9ticos actuales (en los que el desarrollo, el control, la propiedad y la toma de decisiones en materia de energ\u00eda residen en Wall Street y en las empresas privadas de electricidad) tienen un impacto negativo en la salud y la seguridad de las comunidades, y no proporcionan la energ\u00eda necesaria para vivir, especialmente ante el desastre clim\u00e1tico.<\/p>\n\n\n\n<h2 class=\"wp-block-heading has-x-large-font-size\"><mark style=\"background-color:rgba(0, 0, 0, 0);color:#f87e74\" class=\"has-inline-color\">Lograr la justicia energ\u00e9tica:<\/mark> Ahorna necesitamos un modelo energ\u00e9tico impulsado por el pueblo <\/h2>\n<\/div><\/section>\n\n\n\n<section id=\"earthZineWrapper\" class=\"wp-block-group endem-animated-pin--wrapper is-layout-constrained wp-container-core-group-is-layout-23fe5839 wp-block-group-is-layout-constrained\"><style>.kb-image6964_6543d7-df.kb-image-is-ratio-size, .kb-image6964_6543d7-df .kb-image-is-ratio-size{max-width:1000px;width:100%;}.wp-block-kadence-column > .kt-inside-inner-col > .kb-image6964_6543d7-df.kb-image-is-ratio-size, .wp-block-kadence-column > .kt-inside-inner-col > .kb-image6964_6543d7-df .kb-image-is-ratio-size{align-self:unset;}.kb-image6964_6543d7-df figure{max-width:1000px;}.kb-image6964_6543d7-df .image-is-svg, .kb-image6964_6543d7-df .image-is-svg img{width:100%;}.kb-image6964_6543d7-df .kb-image-has-overlay:after{opacity:0.3;}<\/style>\n<div class=\"wp-block-kadence-image kb-image6964_6543d7-df endem-animated-pin\" id=\"earthZine\"><figure class=\"aligncenter image-is-svg\"><img decoding=\"async\" src=\"https:\/\/energydemocracy.us\/wp-content\/uploads\/2023\/06\/earth-zine_es.svg\" alt=\"Ilustraci\u00f3n de la Tierra alimentada con energ\u00eda verde.\" class=\"kb-img wp-image-7653\"\/><\/figure><\/div>\n\n\n\n<div class=\"wp-block-columns endem-animated-pinned-text is-layout-flex wp-container-core-columns-is-layout-9d6595d7 wp-block-columns-is-layout-flex\" id=\"earthZineElements\">\n<div class=\"wp-block-column is-layout-flow wp-block-column-is-layout-flow\" id=\"ppeElement1\">\n<h3 class=\"wp-block-heading\" style=\"font-size:18px;text-transform:uppercase\">Descentralizado<\/h3>\n\n\n\n<p>La energ\u00eda renovable producida y gobernada localmente proporciona energ\u00eda segura y fiable.<\/p>\n<\/div>\n\n\n\n<div class=\"wp-block-column is-layout-flow wp-block-column-is-layout-flow\" id=\"ppeElement2\">\n<h3 class=\"wp-block-heading\" style=\"font-size:18px;text-transform:uppercase\">Democratizado<\/h3>\n\n\n\n<p>La influencia y la toma de decisiones de la comunidad satisfacen las necesidades medioambientales, econ\u00f3micas y la justicia social.<\/p>\n<\/div>\n\n\n\n<div class=\"wp-block-column is-layout-flow wp-block-column-is-layout-flow\" id=\"ppeElement3\">\n<h3 class=\"wp-block-heading\" style=\"font-size:18px;text-transform:uppercase\">(Re)Distribuido<\/h3>\n\n\n\n<p>Todas las personas tienen acceso a la energ\u00eda necesaria para vivir, aprender y trabajar, sin sacrificar la salud ni el bienestar de ninguna comunidad.<\/p>\n<\/div>\n\n\n\n<div class=\"wp-block-column is-layout-flow wp-block-column-is-layout-flow\" id=\"ppeElement4\">\n<h3 class=\"wp-block-heading\" style=\"font-size:18px;text-transform:uppercase\">Diversificado<\/h3>\n\n\n\n<p>Los sistemas energ\u00e9ticos comunitarios est\u00e1n dise\u00f1ados para funcionar en armon\u00eda con los ecosistemas locales, protegiendo la diversidad biol\u00f3gica y cultural.<\/p>\n<\/div>\n<\/div>\n<\/section>\n\n\n<style>.kadence-column6964_c7bd8a-5e{max-width:1000px;margin-left:auto;margin-right:auto;}.wp-block-kadence-column.kb-section-dir-horizontal:not(.kb-section-md-dir-vertical)>.kt-inside-inner-col>.kadence-column6964_c7bd8a-5e{-webkit-flex:0 1 1000px;flex:0 1 1000px;max-width:unset;margin-left:unset;margin-right:unset;}.kadence-column6964_c7bd8a-5e > .kt-inside-inner-col{padding-right:2rem;padding-left:2rem;}.kadence-column6964_c7bd8a-5e > .kt-inside-inner-col,.kadence-column6964_c7bd8a-5e > .kt-inside-inner-col:before{border-top-left-radius:0px;border-top-right-radius:0px;border-bottom-right-radius:0px;border-bottom-left-radius:0px;}.kadence-column6964_c7bd8a-5e > .kt-inside-inner-col{column-gap:var(--global-kb-gap-sm, 1rem);}.kadence-column6964_c7bd8a-5e > .kt-inside-inner-col{flex-direction:column;}.kadence-column6964_c7bd8a-5e > .kt-inside-inner-col > .aligncenter{width:100%;}.kadence-column6964_c7bd8a-5e > .kt-inside-inner-col:before{opacity:0.3;}.kadence-column6964_c7bd8a-5e{text-align:center;}.kadence-column6964_c7bd8a-5e{position:relative;}.kadence-column6964_c7bd8a-5e, .kt-inside-inner-col > .kadence-column6964_c7bd8a-5e:not(.specificity){margin-bottom:3rem;}@media all and (min-width: 1025px){.wp-block-kadence-column.kb-section-dir-horizontal>.kt-inside-inner-col>.kadence-column6964_c7bd8a-5e{-webkit-flex:0 1 1000px;flex:0 1 1000px;max-width:unset;margin-left:unset;margin-right:unset;}}@media all and (max-width: 1024px){.kadence-column6964_c7bd8a-5e > .kt-inside-inner-col{flex-direction:column;justify-content:center;}}@media all and (max-width: 767px){.kadence-column6964_c7bd8a-5e > .kt-inside-inner-col{padding-right:1rem;padding-left:1rem;flex-direction:column;justify-content:center;}.wp-block-kadence-column.kb-section-sm-dir-vertical:not(.kb-section-sm-dir-horizontal):not(.kb-section-sm-dir-specificity)>.kt-inside-inner-col>.kadence-column6964_c7bd8a-5e{max-width:1000px;-webkit-flex:1;flex:1;margin-left:auto;margin-right:auto;}}.kadence-column6964_c7bd8a-5e {position: relative;z-index:100;max-width:clamp(300px, 100vw, 860px);margin-inline: auto;}<\/style>\n<section class=\"wp-block-kadence-column kadence-column6964_c7bd8a-5e inner-column-1\" id=\"textSection2\"><div class=\"kt-inside-inner-col\">\n<p class=\"has-text-align-left\" style=\"font-size:18px;line-height:1.6\">Con un modelo de energ\u00eda renovable impulsado por la poblaci\u00f3n, cada comunidad controla y se apropia de todos los aspectos de las decisiones sobre el desarrollo energ\u00e9tico local. Al restablecer este poder, nuestras comunidades pueden empezar a satisfacer nuestras necesidades energ\u00e9ticas, nosotros mismos.<\/p>\n\n\n\n<p class=\"has-text-align-left\" style=\"font-size:18px;line-height:1.6\">Este es el camino hacia la justicia energ\u00e9tica y la clave para responder a la crisis clim\u00e1tica.<\/p>\n\n\n\n<h2 class=\"wp-block-heading has-text-align-left has-x-large-font-size\">Un futuro energ\u00e9tico reimaginado.<\/h2>\n\n\n\n<p class=\"has-text-align-left\" style=\"font-size:18px;line-height:1.5\">Las energ\u00eda \u00abrenovable\u00bb por s\u00ed sola no logra la justicia. La soluci\u00f3n a la crisis clim\u00e1tica no es un cambio tecnol\u00f3gico hacia las energ\u00edas renovables, sino una transformaci\u00f3n de la econom\u00eda extractiva que cre\u00f3 la crisis clim\u00e1tica.<\/p>\n\n\n\n<p class=\"has-text-align-left\" style=\"font-size:18px\"><em>\u00bfListo para ver en acci\u00f3n los modelos energ\u00e9ticos impulsados por las personas? Consulte nuestra p\u00e1gina de historias para ver ejemplos desde Puerto Rico hasta Alaska.<\/em><\/p>\n<\/div><\/section>\n\n\n<style>.kadence-column6964_f70cfe-e1 > .kt-inside-inner-col{padding-top:3rem;padding-bottom:3rem;}.kadence-column6964_f70cfe-e1 > .kt-inside-inner-col,.kadence-column6964_f70cfe-e1 > .kt-inside-inner-col:before{border-top-left-radius:0px;border-top-right-radius:0px;border-bottom-right-radius:0px;border-bottom-left-radius:0px;}.kadence-column6964_f70cfe-e1 > .kt-inside-inner-col{column-gap:var(--global-kb-gap-sm, 1rem);}.kadence-column6964_f70cfe-e1 > .kt-inside-inner-col{flex-direction:column;}.kadence-column6964_f70cfe-e1 > .kt-inside-inner-col > .aligncenter{width:100%;}.kadence-column6964_f70cfe-e1 > .kt-inside-inner-col{background-color:#f87164;}.kadence-column6964_f70cfe-e1 > .kt-inside-inner-col:before{opacity:0.3;}.kadence-column6964_f70cfe-e1{position:relative;}.kadence-column6964_f70cfe-e1, .kt-inside-inner-col > .kadence-column6964_f70cfe-e1:not(.specificity){margin-top:4rem;}@media all and (max-width: 1024px){.kadence-column6964_f70cfe-e1 > .kt-inside-inner-col{flex-direction:column;justify-content:center;}}@media all and (max-width: 767px){.kadence-column6964_f70cfe-e1 > .kt-inside-inner-col{flex-direction:column;justify-content:center;}}<\/style>\n<div class=\"wp-block-kadence-column kadence-column6964_f70cfe-e1 inner-column-1\"><div class=\"kt-inside-inner-col\">\n<div class=\"wp-block-buttons is-content-justification-center is-layout-flex wp-container-core-buttons-is-layout-16018d1d wp-block-buttons-is-layout-flex\">\n<div class=\"wp-block-button button-style-primary es-purple-btn\"><a class=\"wp-block-button__link has-custom-font-size wp-element-button\" href=\"https:\/\/energydemocracy.us\/es\/vision-general-de-refocus\/#historiasMapa\" style=\"font-size:16px\"><strong>Ver Historias<\/strong><\/a><\/div>\n<\/div>\n<\/div><\/div>\n\n\n\n<p><\/p>\n","protected":false},"excerpt":{"rendered":"<p>La crisis de ganancias se anteponen sobre las personas y el planeta Desplazarse hacia abajo Los sistemas energ\u00e9ticos actuales (en los que el desarrollo, el control, la propiedad y la toma de decisiones en materia de energ\u00eda residen en Wall Street y en las empresas privadas de electricidad) tienen un impacto negativo en la salud&#8230;<\/p>\n","protected":false},"author":1,"featured_media":0,"parent":0,"menu_order":0,"comment_status":"closed","ping_status":"closed","template":"","meta":{"inline_featured_image":false,"_kad_post_transparent":"","_kad_post_title":"","_kad_post_layout":"","_kad_post_sidebar_id":"","_kad_post_content_style":"","_kad_post_vertical_padding":"","_kad_post_feature":"","_kad_post_feature_position":"","_kad_post_header":false,"_kad_post_footer":false,"footnotes":""},"class_list":["post-6964","page","type-page","status-publish","hentry"],"_links":{"self":[{"href":"https:\/\/energydemocracy.us\/es\/wp-json\/wp\/v2\/pages\/6964","targetHints":{"allow":["GET"]}}],"collection":[{"href":"https:\/\/energydemocracy.us\/es\/wp-json\/wp\/v2\/pages"}],"about":[{"href":"https:\/\/energydemocracy.us\/es\/wp-json\/wp\/v2\/types\/page"}],"author":[{"embeddable":true,"href":"https:\/\/energydemocracy.us\/es\/wp-json\/wp\/v2\/users\/1"}],"replies":[{"embeddable":true,"href":"https:\/\/energydemocracy.us\/es\/wp-json\/wp\/v2\/comments?post=6964"}],"version-history":[{"count":4,"href":"https:\/\/energydemocracy.us\/es\/wp-json\/wp\/v2\/pages\/6964\/revisions"}],"predecessor-version":[{"id":8969,"href":"https:\/\/energydemocracy.us\/es\/wp-json\/wp\/v2\/pages\/6964\/revisions\/8969"}],"wp:attachment":[{"href":"https:\/\/energydemocracy.us\/es\/wp-json\/wp\/v2\/media?parent=6964"}],"curies":[{"name":"wp","href":"https:\/\/api.w.org\/{rel}","templated":true}]}}